{"id":2107,"date":"2017-03-28T08:37:22","date_gmt":"2017-03-28T08:37:22","guid":{"rendered":"https:\/\/usscg.me\/granski-sindikati\/"},"modified":"2023-09-05T14:13:45","modified_gmt":"2023-09-05T12:13:45","slug":"branch-unions","status":"publish","type":"page","link":"https:\/\/usscg.me\/en\/branch-unions\/","title":{"rendered":"Branch unions"},"content":{"rendered":"<p>[vc_row][vc_column width=&#8221;3\/4&#8243;][stm_partner style=&#8221;style_2&#8243; title=&#8221;Trade Union of Education of Montenegro&#8221; logo=&#8221;1778&#8243; img_size=&#8221;105&#215;120&#8243; position=&#8221;Vojvode Mase Durovica 17, Podgorica<br \/>\nPresident: Radomir Bozovic<br \/>\ntel\/fax: (020) 511-020<br \/>\ne-mail: spcg@spcg.me&#8221; link=&#8221;url:http%3A%2F%2Fsindikatprosvjete.me%2F||target:%20_blank|&#8221;][vc_empty_space][stm_partner style=&#8221;style_2&#8243; title=&#8221;Trade Union of University of Montenegro&#8221; logo=&#8221;2411&#8243; img_size=&#8221;105&#215;90&#8243; link=&#8221;url:http%3A%2F%2Fwww.sucg.me|title:Sindikat%20Univerziteta%20Crne%20Gore|target:%20_blank|&#8221; position=&#8221;Univerzitet Crne Gore, Dzordza Vasingtona bb, Podgorica<br \/>\nPresident: Ranko Rakocevic<br \/>\ntel: (020) 232-315<br \/>\ne-mail: tuum@t-com.me&#8221;][vc_empty_space][stm_partner style=&#8221;style_2&#8243; title=&#8221;Trade Union of Telecommunications of Montenegro&#8221; logo=&#8221;2989&#8243; img_size=&#8221;105&#215;120&#8243; position=&#8221;ul. Avda Medjedovica 108, Stari aerodrom, Podgorica<br \/>\nPresident: Zeljko Buric<br \/>\nfax: (020) 246-080<br \/>\ne-mail: zeljko.buric@telekom.me&#8221;][vc_empty_space][stm_partner style=&#8221;style_2&#8243; title=&#8221;Trade Union of Commerce Workers of Montenegro&#8221; logo=&#8221;2989&#8243; img_size=&#8221;105&#215;120&#8243; position=&#8221;ul. Avda Medjedovica 108, Stari aerodrom, Podgorica<br \/>\nfax: (020) 232-315<br \/>\ne-mail: usscg@usscg.me&#8221; link=&#8221;||target:%20_blank|&#8221;][vc_empty_space][stm_partner style=&#8221;style_2&#8243; title=&#8221;Trade Union of Metal and Mine Workers of Montenegro&#8221; logo=&#8221;2989&#8243; img_size=&#8221;105&#215;120&#8243; position=&#8221;ul. Avda Medjedovica 108, Stari aerodrom, Podgorica<br \/>\nPresident: Sandra Obradovic<br \/>\ntel: (067) 636-146<br \/>\nfax: (020) 232-315<br \/>\ne-mail: obradovic.sandra@yahoo.com&#8221;][vc_empty_space][stm_partner style=&#8221;style_2&#8243; title=&#8221;Trade Union of Health of Montenegro&#8221; logo=&#8221;2418&#8243; img_size=&#8221;105&#215;120&#8243; position=&#8221;ul.Dzona Dzeksona bb, Podgorica<br \/>\nPresident: Vladimir Pavicevic<br \/>\nfax: (020) 232-315<br \/>\ne-mail: vladipav@t-com.me&#8221; link=&#8221;url:http%3A%2F%2Fwww.sokc.me%2F|title:Sindikat%20zdravstva%20Crne%20Gore|target:%20_blank|&#8221;][vc_empty_space][stm_partner style=&#8221;style_2&#8243; title=&#8221;Trade Union of Banks of Montenegro&#8221; logo=&#8221;3560&#8243; img_size=&#8221;105&#215;120&#8243; position=&#8221;Novaka Miloseva 8, Podgorica<br \/>\nPresident: Lidija Pejovic<br \/>\ntel: (067) 212-074<br \/>\nfax: (020) 232-315<br \/>\ne-mail: lidijasindikat@gmail.com&#8221;][vc_empty_space][stm_partner style=&#8221;style_2&#8243; title=&#8221;Trade Union of Defense and Army of Montenegro&#8221; logo=&#8221;2420&#8243; img_size=&#8221;105&#215;25&#8243; position=&#8221;ul. 4 jula 41, Podgorica<br \/>\nPresident: Emil Halimovi\u0107<br \/>\ntel: (068) 055-591<br \/>\ne-mail: sovcg.me@gmail.com &#8221; link=&#8221;url:http%3A%2F%2Fwww.sovcg.me%2F|title:Sindikat%20vojske%20i%20odbrane%20Crne%20Gore|target:%20_blank|&#8221;][vc_empty_space][stm_partner style=&#8221;style_2&#8243; title=&#8221; Trade Union of Media of Montenegro&#8221; logo=&#8221;2419&#8243; img_size=&#8221;105&#215;35&#8243; position=&#8221;Ulica Njego\u0161eva 7\/II, Podgorica<br \/>\nPresident: Radomir Krackovic<br \/>\ntel: (020) 878-021<br \/>\ne-mail: sindikatmedija@usscg.me&#8221; link=&#8221;url:http%3A%2F%2Fwww.sindikatmedija.me|title:Sindikat%20medija%20Crne%20Gore|target:%20_blank|&#8221;][vc_empty_space][stm_partner style=&#8221;style_2&#8243; title=&#8221;Independent Trade Union of Students&#8217; Dormitories of Montenegro&#8221; img_size=&#8221;105&#215;120&#8243; position=&#8221;ul. Svetozara Markovica 87, Podgorica<br \/>\nPresident: Magdalena Kasalica<br \/>\ntel: (067) 174-003<br \/>\ne-mail: magdalenakasalica82@gmail.com&#8221; link=&#8221;url:http%3A%2F%2Fsindikat.studentskidom.com|title:Sindikat%20studentskih%20i%20%C4%91a%C4%8Dkih%20domova%20Crne%20Gore|target:%20_blank|&#8221; logo=&#8221;3264&#8243;][vc_empty_space][stm_partner style=&#8221;style_2&#8243; title=&#8221;Trade Union of Construction and Construction Materials Industry of Montenegro&#8221; position=&#8221;ul. Luke Mi\u0107unovi\u0107a 3, Nik\u0161i\u0107<br \/>\nPresident: Nenad Markovi\u0107<br \/>\ntel: (040) 212 962,<br \/>\nfax: (040) 212 966,<br \/>\ne-mail: markovicnenad323@gmail.com&#8221; logo=&#8221;3517&#8243; img_size=&#8221;105&#215;120&#8243;][vc_empty_space][stm_partner style=&#8221;style_2&#8243; title=&#8221;Craft Union of Firefighters of Montenegro&#8221; logo=&#8221;3561&#8243; img_size=&#8221;105&#215;120&#8243; position=&#8221;ul. Avda Medjedovica 108, Stari aerodrom, Podgorica<br \/>\nPresident: Goran Tripkovic<br \/>\ntel: (068) 893-333<br \/>\nfax: (020) 232-315<br \/>\ne-mail: usscg@usscg.me&#8221;][vc_empty_space][stm_partner style=&#8221;style_2&#8243; title=&#8221;Craft Union of Taxi Drivers of Montenegro&#8221; logo=&#8221;2989&#8243; img_size=&#8221;105&#215;120&#8243; position=&#8221;ul. Avda Medjedovica 108, Stari aerodrom, Podgorica<br \/>\nPresident: Borislav Pavlovi\u0107<br \/>\ntel: (020) 232-315<br \/>\nfax: (020) 232-315<br \/>\ne-mail: usscg@usscg.me&#8221;][vc_empty_space][stm_partner style=&#8221;style_2&#8243; title=&#8221;Craft Union of Security Guards of Montenegro&#8221; logo=&#8221;2989&#8243; img_size=&#8221;105&#215;120&#8243; position=&#8221;ul. Avda Medjedovica 108, Stari aerodrom, Podgorica<br \/>\nPresident: Blazo Petrovic<br \/>\ntel: (020) 232-315<br \/>\nfax: (020) 232-315<br \/>\ne-mail: usscg@usscg.me&#8221;][vc_empty_space][stm_partner style=&#8221;style_2&#8243; title=&#8221;Trade Union of Utility Companies of Montenegro&#8221; logo=&#8221;2989&#8243; img_size=&#8221;105&#215;120&#8243; position=&#8221;ul. Avda Medjedovica 108, Stari aerodrom, Podgorica<br \/>\nPresident: Branko Pejovic<br \/>\ntel: (020) 232-315<br \/>\nfax: (020) 232-315<br \/>\ne-mail: usscg@usscg.me&#8221;][vc_empty_space][stm_partner style=&#8221;style_2&#8243; title=&#8221;Trade Union of Civil Servants and State Employees of Montenegro&#8221; logo=&#8221;4383&#8243; img_size=&#8221;105&#215;120&#8243; position=&#8221;ul. Avda Medjedovica 108, Stari aerodrom, Podgorica<br \/>\nPresident: Tamara Golis<br \/>\ntel: (020) 232-315<br \/>\nfax: (020) 232-315<br \/>\ne-mail: usscg@usscg.me&#8221;][vc_empty_space][stm_partner style=&#8221;style_2&#8243; title=&#8221;Trade Union of Healthcare Employees of Montenegro&#8221; logo=&#8221;4813&#8243; img_size=&#8221;105&#215;120&#8243; position=&#8221;ul. Dzona Dzeksona 6, Podgorica<br \/>\nPresident: Nebojsa Radonjic<br \/>\ntel: (069) 455-333<br \/>\nfax: (020) 232-315<br \/>\ne-mail: sokc.mne@gmail.com&#8221;][vc_empty_space][stm_partner style=&#8221;style_2&#8243; title=&#8221;Trade Union of ICT employees of Montenegro&#8221; logo=&#8221;5146&#8243; img_size=&#8221;105&#215;120&#8243; position=&#8221;ul. Avda Medjedovica 108, Stari aerodrom, Podgorica<br \/>\nPresident: Aleksandar Drekalovic<br \/>\ntel: (067) 130-997<br \/>\ne-mail: aleksandar@ictcortex.me&#8221;][vc_empty_space][stm_partner style=&#8221;style_2&#8243; title=&#8221;Trade Union of Transport of Montenegro&#8221; logo=&#8221;5146&#8243; img_size=&#8221;105&#215;120&#8243; position=&#8221;ul. Avda Medjedovica 108, Stari aerodrom, Podgorica<br \/>\nPresident: Veselin Pantovic<br \/>\ntel: (067) 333-010<br \/>\ne-mail: veselin.pantovic@portofadria.me&#8221;][vc_empty_space][stm_partner style=&#8221;style_2&#8243; title=&#8221;Independent Trade Union of Police of Montenegro&#8221; logo=&#8221;7046&#8243; img_size=&#8221;105&#215;120&#8243; position=&#8221;ul. Avda Medjedovica 108, Stari aerodrom, Podgorica<br \/>\nPresident: Igor Rmandic<br \/>\ne-mail: igorrmandic77@gmail.com&#8221;][vc_empty_space][stm_partner style=&#8221;style_2&#8243; title=&#8221;Free Trade Union of Police Directorate of Montenegro&#8221; logo=&#8221;5146&#8243; img_size=&#8221;105&#215;120&#8243; position=&#8221;ul. Avda Medjedovica 108, Stari aerodrom, Podgorica<br \/>\nPresident: Aleksandra Jovanovic<br \/>\ne-mail: jovanovicaleks79@gmail.com&#8221;][vc_empty_space][stm_partner style=&#8221;style_2&#8243; title=&#8221;Free Trade Union of Culture of Montenegro&#8221; logo=&#8221;7022&#8243; img_size=&#8221;105&#215;120&#8243; position=&#8221;ul. Avda Medjedovica 108, Stari aerodrom, Podgorica<br \/>\nPresident: Vukan Pejovic<br \/>\ne-mail: usscg@usscg.me&#8221;][\/vc_column][vc_column width=&#8221;1\/4&#8243;][stm_sidebar sidebar=&#8221;1801&#8243;][vc_empty_space][vc_wp_posts title=&#8221;News&#8221; number=&#8221;4&#8243; show_date=&#8221;1&#8243;][\/vc_column][\/vc_row]<\/p>\n","protected":false},"excerpt":{"rendered":"<p>[vc_row][vc_column width=&#8221;3\/4&#8243;][stm_partner style=&#8221;style_2&#8243; title=&#8221;Trade Union of Education of Montenegro&#8221; logo=&#8221;1778&#8243; img_size=&#8221;105&#215;120&#8243; position=&#8221;Vojvode Mase Durovica 17, Podgorica President: Radomir Bozovic tel\/fax: (020) 511-020 e-mail: spcg@spcg.me&#8221; link=&#8221;url:http%3A%2F%2Fsindikatprosvjete.me%2F||target:%20_blank|&#8221;][vc_empty_space][stm_partner style=&#8221;style_2&#8243; title=&#8221;Trade Union of University of Montenegro&#8221; logo=&#8221;2411&#8243; img_size=&#8221;105&#215;90&#8243; link=&#8221;url:http%3A%2F%2Fwww.sucg.me|title:Sindikat%20Univerziteta%20Crne%20Gore|target:%20_blank|&#8221; position=&#8221;Univerzitet Crne Gore, Dzordza Vasingtona bb, Podgorica President: Ranko Rakocevic tel: (020) 232-315 e-mail: tuum@t-com.me&#8221;][vc_empty_space][stm_partner style=&#8221;style_2&#8243; title=&#8221;Trade Union of Telecommunications<\/p>\n","protected":false},"author":1,"featured_media":0,"parent":0,"menu_order":0,"comment_status":"closed","ping_status":"closed","template":"","meta":[],"acf":[],"_links":{"self":[{"href":"https:\/\/usscg.me\/en\/wp-json\/wp\/v2\/pages\/2107"}],"collection":[{"href":"https:\/\/usscg.me\/en\/wp-json\/wp\/v2\/pages"}],"about":[{"href":"https:\/\/usscg.me\/en\/wp-json\/wp\/v2\/types\/page"}],"author":[{"embeddable":true,"href":"https:\/\/usscg.me\/en\/wp-json\/wp\/v2\/users\/1"}],"replies":[{"embeddable":true,"href":"https:\/\/usscg.me\/en\/wp-json\/wp\/v2\/comments?post=2107"}],"version-history":[{"count":12,"href":"https:\/\/usscg.me\/en\/wp-json\/wp\/v2\/pages\/2107\/revisions"}],"predecessor-version":[{"id":7025,"href":"https:\/\/usscg.me\/en\/wp-json\/wp\/v2\/pages\/2107\/revisions\/7025"}],"wp:attachment":[{"href":"https:\/\/usscg.me\/en\/wp-json\/wp\/v2\/media?parent=2107"}],"curies":[{"name":"wp","href":"https:\/\/api.w.org\/{rel}","templated":true}]}}